{"id":1186,"date":"2025-04-19T10:10:09","date_gmt":"2025-04-19T08:10:09","guid":{"rendered":"http:\/\/mentoriumpartners.com\/?page_id=1186"},"modified":"2025-05-22T17:02:04","modified_gmt":"2025-05-22T15:02:04","slug":"actualites","status":"publish","type":"page","link":"https:\/\/mentoriumpartners.com\/en\/actualites\/","title":{"rendered":"News"},"content":{"rendered":"<div data-elementor-type=\"wp-page\" data-elementor-id=\"1186\" class=\"elementor elementor-1186\" data-elementor-settings=\"{&quot;ha_cmc_init_switcher&quot;:&quot;no&quot;}\">\n\t\t\t\t<div class=\"elementor-element elementor-element-edfc697 e-grid e-con-full e-con e-parent\" data-id=\"edfc697\" data-element_type=\"container\" data-settings=\"{&quot;shape_divider_top&quot;:&quot;arrow&quot;,&quot;background_background&quot;:&quot;classic&quot;,&quot;_ha_eqh_enable&quot;:false}\">\n\t\t\t\t<div class=\"elementor-shape elementor-shape-top\" aria-hidden=\"true\" data-negative=\"false\">\n\t\t\t<svg xmlns=\"http:\/\/www.w3.org\/2000\/svg\" viewbox=\"0 0 700 10\" preserveaspectratio=\"none\">\n\t<path class=\"elementor-shape-fill\" d=\"M350,10L340,0h20L350,10z\"\/>\n<\/svg>\t\t<\/div>\n\t\t\t\t<div class=\"elementor-element elementor-element-28dae902 elementor-widget__width-inherit elementor-invisible elementor-widget elementor-widget-image\" data-id=\"28dae902\" data-element_type=\"widget\" data-settings=\"{&quot;_animation&quot;:&quot;fadeInLeft&quot;}\" data-widget_type=\"image.default\">\n\t\t\t\t<div class=\"elementor-widget-container\">\n\t\t\t\t\t\t\t\t\t\t\t\t\t\t\t<img fetchpriority=\"high\" decoding=\"async\" width=\"800\" height=\"450\" src=\"https:\/\/mentoriumpartners.com\/wp-content\/uploads\/2025\/04\/Home_new-1024x576.png\" class=\"attachment-large size-large wp-image-991\" alt=\"\" srcset=\"https:\/\/mentoriumpartners.com\/wp-content\/uploads\/2025\/04\/Home_new-1024x576.png 1024w, https:\/\/mentoriumpartners.com\/wp-content\/uploads\/2025\/04\/Home_new-300x169.png 300w, https:\/\/mentoriumpartners.com\/wp-content\/uploads\/2025\/04\/Home_new-768x432.png 768w, https:\/\/mentoriumpartners.com\/wp-content\/uploads\/2025\/04\/Home_new-1536x864.png 1536w, https:\/\/mentoriumpartners.com\/wp-content\/uploads\/2025\/04\/Home_new.png 2000w\" sizes=\"(max-width: 800px) 100vw, 800px\" \/>\t\t\t\t\t\t\t\t\t\t\t\t\t\t\t<\/div>\n\t\t\t\t<\/div>\n\t\t\t\t<div class=\"elementor-element elementor-element-6bf5d225 elementor-invisible elementor-widget elementor-widget-heading\" data-id=\"6bf5d225\" data-element_type=\"widget\" data-settings=\"{&quot;_animation&quot;:&quot;fadeInUp&quot;}\" data-widget_type=\"heading.default\">\n\t\t\t\t<div class=\"elementor-widget-container\">\n\t\t\t\t\t<h1 class=\"elementor-heading-title elementor-size-default\">News<\/h1>\t\t\t\t<\/div>\n\t\t\t\t<\/div>\n\t\t\t\t<\/div>\n\t\t<div class=\"elementor-element elementor-element-b525945 e-flex e-con-boxed e-con e-parent\" data-id=\"b525945\" data-element_type=\"container\" data-settings=\"{&quot;_ha_eqh_enable&quot;:false}\">\n\t\t\t\t\t<div class=\"e-con-inner\">\n\t\t\t\t<div class=\"elementor-element elementor-element-ca26fdf elementor-widget elementor-widget-spacer\" data-id=\"ca26fdf\" data-element_type=\"widget\" data-widget_type=\"spacer.default\">\n\t\t\t\t<div class=\"elementor-widget-container\">\n\t\t\t\t\t\t\t<div class=\"elementor-spacer\">\n\t\t\t<div class=\"elementor-spacer-inner\"><\/div>\n\t\t<\/div>\n\t\t\t\t\t\t<\/div>\n\t\t\t\t<\/div>\n\t\t\t\t<div class=\"elementor-element elementor-element-5f1adaa elementor-widget elementor-widget-ha-post-tab happy-addon ha-post-tab\" data-id=\"5f1adaa\" data-element_type=\"widget\" data-widget_type=\"ha-post-tab.default\">\n\t\t\t\t<div class=\"elementor-widget-container\">\n\t\t\t\t\t\t\t\t<div class=\"ha-post-tab ha-post-tab-top ha-post-tab-grid-1 ha-post-tab-grid-tablet-3 ha-post-tab-grid-mobile-1\" data-query-args=\"{&quot;post_type&quot;:&quot;post&quot;,&quot;taxonomy&quot;:&quot;category&quot;,&quot;item_limit&quot;:18,&quot;orderby&quot;:&quot;date&quot;,&quot;order&quot;:&quot;desc&quot;,&quot;show_user_meta&quot;:&quot;no&quot;,&quot;show_date_meta&quot;:&quot;yes&quot;,&quot;excerpt&quot;:&quot;no&quot;,&quot;title_tag&quot;:&quot;h2&quot;}\" data-event=\"click\">\n\t\t\t\t<ul class=\"ha-post-tab-filter ha-text--center\">\n\t\t\t\t\t\t\t\t\t\t\t\t\t\t\t\t\t\t<li class=\"active\"\n\t\t\t\t\t\t\t\tdata-term=\"13\">News<\/li>\n\t\t\t\t\t\t\t\t\t\t\t\t\t\t\t<\/ul>\n\t\t\t\t<div class=\"ha-post-tab-content\">\n\t\t\t\t\t<div class=\"ha-post-tab-item-wrapper active\"\t\t\t\t\t\tdata-term=\" 13\">\n\t\t\t\t\t\t\t\t\t\t\t\t\t<div class=\"ha-post-tab-item\">\n\t\t\t\t\t\t\t\t<div class=\"ha-post-tab-item-inner\">\n\t\t\t\t\t\t\t\t\t\t\t\t\t\t\t\t\t\t<h2 class=\"ha-post-tab-title\"><a href=\"https:\/\/mentoriumpartners.com\/en\/entrepreneurs-pourquoi-une-approche-pluridisciplinaire-est-aujourdhui-indispensable\/\">Entrepreneurs: why a multidisciplinary approach is essential today<\/a><\/h2>\n\t\t\t\t\t\t\t\t\t\t\t\t\t\t\t\t\t\t\t\t<div class=\"ha-post-tab-meta\">\n\t\t\t\t\t\t\t\t\t\t\t\t\n\n\t\t\t\t\t\t\t\t\t\t\t\t\n\t\t\t\t\t\t\t\t\t\t\t\t\t<span class=\"ha-post-tab-meta-date\">\n\t\t\t\t\t\t\t\t\t\t\t\t\t\t<i class=\"fa fa-calendar-o\"><\/i>\n\t\t\t\t\t\t\t\t\t\t\t\t\t\t<a href=\"https:\/\/mentoriumpartners.com\/en\/2025\/05\/07\/\">\n\t\t\t\t\t\t\t\t\t\t\t\t\t\t7 May 2025\t\t\t\t\t\t\t\t\t\t\t\t\t\t<\/a>\n\t\t\t\t\t\t\t\t\t\t\t\t\t<\/span>\n\n\t\t\t\t\t\t\t\t\t\t\t\t\n\t\t\t\t\t\t\t\t\t\t\t<\/div>\n\t\t\t\t\t\t\t\t\t\n\t\t\t\t\t\t\t\t\t\t\t\t\t\t\t\t\t<\/div>\n\t\t\t\t\t\t\t<\/div>\n\t\t\t\t\t\t\t\t\t\t\t\t\t\t<div class=\"ha-post-tab-item\">\n\t\t\t\t\t\t\t\t<div class=\"ha-post-tab-item-inner\">\n\t\t\t\t\t\t\t\t\t\t\t\t\t\t\t\t\t\t<h2 class=\"ha-post-tab-title\"><a href=\"https:\/\/mentoriumpartners.com\/en\/optimiser-votre-performance-grace-au-pilotage-de-la-liquidite\/\">Managing liquidity: a strategic lever for performance<\/a><\/h2>\n\t\t\t\t\t\t\t\t\t\t\t\t\t\t\t\t\t\t\t\t<div class=\"ha-post-tab-meta\">\n\t\t\t\t\t\t\t\t\t\t\t\t\n\n\t\t\t\t\t\t\t\t\t\t\t\t\n\t\t\t\t\t\t\t\t\t\t\t\t\t<span class=\"ha-post-tab-meta-date\">\n\t\t\t\t\t\t\t\t\t\t\t\t\t\t<i class=\"fa fa-calendar-o\"><\/i>\n\t\t\t\t\t\t\t\t\t\t\t\t\t\t<a href=\"https:\/\/mentoriumpartners.com\/en\/2025\/04\/23\/\">\n\t\t\t\t\t\t\t\t\t\t\t\t\t\t23 April 2025\t\t\t\t\t\t\t\t\t\t\t\t\t\t<\/a>\n\t\t\t\t\t\t\t\t\t\t\t\t\t<\/span>\n\n\t\t\t\t\t\t\t\t\t\t\t\t\n\t\t\t\t\t\t\t\t\t\t\t<\/div>\n\t\t\t\t\t\t\t\t\t\n\t\t\t\t\t\t\t\t\t\t\t\t\t\t\t\t\t<\/div>\n\t\t\t\t\t\t\t<\/div>\n\t\t\t\t\t\t\t\t\t\t\t\t\t\t<div class=\"ha-post-tab-item\">\n\t\t\t\t\t\t\t\t<div class=\"ha-post-tab-item-inner\">\n\t\t\t\t\t\t\t\t\t\t\t\t\t\t\t\t\t\t<h2 class=\"ha-post-tab-title\"><a href=\"https:\/\/mentoriumpartners.com\/en\/12-problemes-patrimoniaux-des-professions-liberales\/\">Doctors and self-employed professionals: the 12 most common property problems<\/a><\/h2>\n\t\t\t\t\t\t\t\t\t\t\t\t\t\t\t\t\t\t\t\t<div class=\"ha-post-tab-meta\">\n\t\t\t\t\t\t\t\t\t\t\t\t\n\n\t\t\t\t\t\t\t\t\t\t\t\t\n\t\t\t\t\t\t\t\t\t\t\t\t\t<span class=\"ha-post-tab-meta-date\">\n\t\t\t\t\t\t\t\t\t\t\t\t\t\t<i class=\"fa fa-calendar-o\"><\/i>\n\t\t\t\t\t\t\t\t\t\t\t\t\t\t<a href=\"https:\/\/mentoriumpartners.com\/en\/2025\/04\/22\/\">\n\t\t\t\t\t\t\t\t\t\t\t\t\t\t22 April 2025\t\t\t\t\t\t\t\t\t\t\t\t\t\t<\/a>\n\t\t\t\t\t\t\t\t\t\t\t\t\t<\/span>\n\n\t\t\t\t\t\t\t\t\t\t\t\t\n\t\t\t\t\t\t\t\t\t\t\t<\/div>\n\t\t\t\t\t\t\t\t\t\n\t\t\t\t\t\t\t\t\t\t\t\t\t\t\t\t\t<\/div>\n\t\t\t\t\t\t\t<\/div>\n\t\t\t\t\t\t\t\t\t\t\t\t\t\t<div class=\"ha-post-tab-item\">\n\t\t\t\t\t\t\t\t<div class=\"ha-post-tab-item-inner\">\n\t\t\t\t\t\t\t\t\t\t\t\t\t\t\t\t\t\t<h2 class=\"ha-post-tab-title\"><a href=\"https:\/\/mentoriumpartners.com\/en\/expertise-comptable-et-conseil-strategique\/\">Expertise comptable : et si le vrai sujet, ce n&#039;\u00e9tait plus la compta ?<\/a><\/h2>\n\t\t\t\t\t\t\t\t\t\t\t\t\t\t\t\t\t\t\t\t<div class=\"ha-post-tab-meta\">\n\t\t\t\t\t\t\t\t\t\t\t\t\n\n\t\t\t\t\t\t\t\t\t\t\t\t\n\t\t\t\t\t\t\t\t\t\t\t\t\t<span class=\"ha-post-tab-meta-date\">\n\t\t\t\t\t\t\t\t\t\t\t\t\t\t<i class=\"fa fa-calendar-o\"><\/i>\n\t\t\t\t\t\t\t\t\t\t\t\t\t\t<a href=\"https:\/\/mentoriumpartners.com\/en\/2025\/04\/22\/\">\n\t\t\t\t\t\t\t\t\t\t\t\t\t\t22 April 2025\t\t\t\t\t\t\t\t\t\t\t\t\t\t<\/a>\n\t\t\t\t\t\t\t\t\t\t\t\t\t<\/span>\n\n\t\t\t\t\t\t\t\t\t\t\t\t\n\t\t\t\t\t\t\t\t\t\t\t<\/div>\n\t\t\t\t\t\t\t\t\t\n\t\t\t\t\t\t\t\t\t\t\t\t\t\t\t\t\t<\/div>\n\t\t\t\t\t\t\t<\/div>\n\t\t\t\t\t\t\t\t\t\t\t\t\t\t<div class=\"ha-post-tab-item\">\n\t\t\t\t\t\t\t\t<div class=\"ha-post-tab-item-inner\">\n\t\t\t\t\t\t\t\t\t\t\t\t\t\t\t\t\t\t<h2 class=\"ha-post-tab-title\"><a href=\"https:\/\/mentoriumpartners.com\/en\/family-office-une-gestion-patrimoniale-integree-humaine-et-strategique\/\">Family Office: integrated, human and strategic asset management<\/a><\/h2>\n\t\t\t\t\t\t\t\t\t\t\t\t\t\t\t\t\t\t\t\t<div class=\"ha-post-tab-meta\">\n\t\t\t\t\t\t\t\t\t\t\t\t\n\n\t\t\t\t\t\t\t\t\t\t\t\t\n\t\t\t\t\t\t\t\t\t\t\t\t\t<span class=\"ha-post-tab-meta-date\">\n\t\t\t\t\t\t\t\t\t\t\t\t\t\t<i class=\"fa fa-calendar-o\"><\/i>\n\t\t\t\t\t\t\t\t\t\t\t\t\t\t<a href=\"https:\/\/mentoriumpartners.com\/en\/2025\/04\/22\/\">\n\t\t\t\t\t\t\t\t\t\t\t\t\t\t22 April 2025\t\t\t\t\t\t\t\t\t\t\t\t\t\t<\/a>\n\t\t\t\t\t\t\t\t\t\t\t\t\t<\/span>\n\n\t\t\t\t\t\t\t\t\t\t\t\t\n\t\t\t\t\t\t\t\t\t\t\t<\/div>\n\t\t\t\t\t\t\t\t\t\n\t\t\t\t\t\t\t\t\t\t\t\t\t\t\t\t\t<\/div>\n\t\t\t\t\t\t\t<\/div>\n\t\t\t\t\t\t\t\t\t\t\t\t\t\t<div class=\"ha-post-tab-item\">\n\t\t\t\t\t\t\t\t<div class=\"ha-post-tab-item-inner\">\n\t\t\t\t\t\t\t\t\t\t\t\t\t\t\t\t\t\t<h2 class=\"ha-post-tab-title\"><a href=\"https:\/\/mentoriumpartners.com\/en\/strategie-entrepreneuriale-sur-mesure\/\">Entrepreneurs: what is a company without a strategy?<\/a><\/h2>\n\t\t\t\t\t\t\t\t\t\t\t\t\t\t\t\t\t\t\t\t<div class=\"ha-post-tab-meta\">\n\t\t\t\t\t\t\t\t\t\t\t\t\n\n\t\t\t\t\t\t\t\t\t\t\t\t\n\t\t\t\t\t\t\t\t\t\t\t\t\t<span class=\"ha-post-tab-meta-date\">\n\t\t\t\t\t\t\t\t\t\t\t\t\t\t<i class=\"fa fa-calendar-o\"><\/i>\n\t\t\t\t\t\t\t\t\t\t\t\t\t\t<a href=\"https:\/\/mentoriumpartners.com\/en\/2025\/04\/22\/\">\n\t\t\t\t\t\t\t\t\t\t\t\t\t\t22 April 2025\t\t\t\t\t\t\t\t\t\t\t\t\t\t<\/a>\n\t\t\t\t\t\t\t\t\t\t\t\t\t<\/span>\n\n\t\t\t\t\t\t\t\t\t\t\t\t\n\t\t\t\t\t\t\t\t\t\t\t<\/div>\n\t\t\t\t\t\t\t\t\t\n\t\t\t\t\t\t\t\t\t\t\t\t\t\t\t\t\t<\/div>\n\t\t\t\t\t\t\t<\/div>\n\t\t\t\t\t\t\t\t\t\t\t\t\t\t<div class=\"ha-post-tab-item\">\n\t\t\t\t\t\t\t\t<div class=\"ha-post-tab-item-inner\">\n\t\t\t\t\t\t\t\t\t\t\t\t\t\t\t\t\t\t<h2 class=\"ha-post-tab-title\"><a href=\"https:\/\/mentoriumpartners.com\/en\/mentorat-pour-leaders-emergeants\/\">Mentoring, a lever for the development of emerging leaders<\/a><\/h2>\n\t\t\t\t\t\t\t\t\t\t\t\t\t\t\t\t\t\t\t\t<div class=\"ha-post-tab-meta\">\n\t\t\t\t\t\t\t\t\t\t\t\t\n\n\t\t\t\t\t\t\t\t\t\t\t\t\n\t\t\t\t\t\t\t\t\t\t\t\t\t<span class=\"ha-post-tab-meta-date\">\n\t\t\t\t\t\t\t\t\t\t\t\t\t\t<i class=\"fa fa-calendar-o\"><\/i>\n\t\t\t\t\t\t\t\t\t\t\t\t\t\t<a href=\"https:\/\/mentoriumpartners.com\/en\/2025\/04\/19\/\">\n\t\t\t\t\t\t\t\t\t\t\t\t\t\t19 April 2025\t\t\t\t\t\t\t\t\t\t\t\t\t\t<\/a>\n\t\t\t\t\t\t\t\t\t\t\t\t\t<\/span>\n\n\t\t\t\t\t\t\t\t\t\t\t\t\n\t\t\t\t\t\t\t\t\t\t\t<\/div>\n\t\t\t\t\t\t\t\t\t\n\t\t\t\t\t\t\t\t\t\t\t\t\t\t\t\t\t<\/div>\n\t\t\t\t\t\t\t<\/div>\n\t\t\t\t\t\t\t\t\t\t\t\t\t\t<div class=\"ha-post-tab-item\">\n\t\t\t\t\t\t\t\t<div class=\"ha-post-tab-item-inner\">\n\t\t\t\t\t\t\t\t\t\t\t\t\t\t\t\t\t\t<h2 class=\"ha-post-tab-title\"><a href=\"https:\/\/mentoriumpartners.com\/en\/due-diligence-cession-dentreprise\/\">Due diligence: a key step in the business sale process<\/a><\/h2>\n\t\t\t\t\t\t\t\t\t\t\t\t\t\t\t\t\t\t\t\t<div class=\"ha-post-tab-meta\">\n\t\t\t\t\t\t\t\t\t\t\t\t\n\n\t\t\t\t\t\t\t\t\t\t\t\t\n\t\t\t\t\t\t\t\t\t\t\t\t\t<span class=\"ha-post-tab-meta-date\">\n\t\t\t\t\t\t\t\t\t\t\t\t\t\t<i class=\"fa fa-calendar-o\"><\/i>\n\t\t\t\t\t\t\t\t\t\t\t\t\t\t<a href=\"https:\/\/mentoriumpartners.com\/en\/2025\/04\/19\/\">\n\t\t\t\t\t\t\t\t\t\t\t\t\t\t19 April 2025\t\t\t\t\t\t\t\t\t\t\t\t\t\t<\/a>\n\t\t\t\t\t\t\t\t\t\t\t\t\t<\/span>\n\n\t\t\t\t\t\t\t\t\t\t\t\t\n\t\t\t\t\t\t\t\t\t\t\t<\/div>\n\t\t\t\t\t\t\t\t\t\n\t\t\t\t\t\t\t\t\t\t\t\t\t\t\t\t\t<\/div>\n\t\t\t\t\t\t\t<\/div>\n\t\t\t\t\t\t\t\t\t\t\t\t<\/div>\n\t\t\t\t<\/div>\n\t\t\t<\/div>\n\t\t\t\t\t\t\t<\/div>\n\t\t\t\t<\/div>\n\t\t\t\t\t<\/div>\n\t\t\t\t<\/div>\n\t\t\t\t<section class=\"elementor-section elementor-top-section elementor-element elementor-element-2651fc89 elementor-section-content-middle elementor-section-full_width elementor-section-height-default elementor-section-height-default\" data-id=\"2651fc89\" data-element_type=\"section\" data-settings=\"{&quot;_ha_eqh_enable&quot;:false}\">\n\t\t\t\t\t\t<div class=\"elementor-container elementor-column-gap-wider\">\n\t\t\t\t\t<div class=\"elementor-column elementor-col-50 elementor-top-column elementor-element elementor-element-64338b68\" data-id=\"64338b68\" data-element_type=\"column\">\n\t\t\t<div class=\"elementor-widget-wrap elementor-element-populated\">\n\t\t\t\t\t\t<div class=\"elementor-element elementor-element-5c0c1352 elementor-invisible elementor-widget elementor-widget-image\" data-id=\"5c0c1352\" data-element_type=\"widget\" data-settings=\"{&quot;_animation&quot;:&quot;fadeInLeft&quot;}\" data-widget_type=\"image.default\">\n\t\t\t\t<div class=\"elementor-widget-container\">\n\t\t\t\t\t\t\t\t\t\t\t\t\t\t\t<img decoding=\"async\" width=\"800\" height=\"450\" src=\"https:\/\/mentoriumpartners.com\/wp-content\/uploads\/2025\/04\/9_Home_Cut-1024x576.png\" class=\"attachment-large size-large wp-image-715\" alt=\"\" srcset=\"https:\/\/mentoriumpartners.com\/wp-content\/uploads\/2025\/04\/9_Home_Cut-1024x576.png 1024w, https:\/\/mentoriumpartners.com\/wp-content\/uploads\/2025\/04\/9_Home_Cut-300x169.png 300w, https:\/\/mentoriumpartners.com\/wp-content\/uploads\/2025\/04\/9_Home_Cut-768x432.png 768w, https:\/\/mentoriumpartners.com\/wp-content\/uploads\/2025\/04\/9_Home_Cut-1536x864.png 1536w, https:\/\/mentoriumpartners.com\/wp-content\/uploads\/2025\/04\/9_Home_Cut.png 2000w\" sizes=\"(max-width: 800px) 100vw, 800px\" \/>\t\t\t\t\t\t\t\t\t\t\t\t\t\t\t<\/div>\n\t\t\t\t<\/div>\n\t\t\t\t\t<\/div>\n\t\t<\/div>\n\t\t\t\t<div class=\"elementor-column elementor-col-50 elementor-top-column elementor-element elementor-element-64c9c6ee elementor-invisible\" data-id=\"64c9c6ee\" data-element_type=\"column\" data-settings=\"{&quot;animation&quot;:&quot;fadeInUp&quot;}\">\n\t\t\t<div class=\"elementor-widget-wrap elementor-element-populated\">\n\t\t\t\t\t\t<div class=\"elementor-element elementor-element-254f3cfa elementor-widget elementor-widget-heading\" data-id=\"254f3cfa\" data-element_type=\"widget\" data-widget_type=\"heading.default\">\n\t\t\t\t<div class=\"elementor-widget-container\">\n\t\t\t\t\t<h2 class=\"elementor-heading-title elementor-size-default\">TAKE THE FIRST STEP TO SUCCESS<\/h2>\t\t\t\t<\/div>\n\t\t\t\t<\/div>\n\t\t\t\t<div class=\"elementor-element elementor-element-6a7487a4 elementor-widget elementor-widget-button\" data-id=\"6a7487a4\" data-element_type=\"widget\" data-widget_type=\"button.default\">\n\t\t\t\t<div class=\"elementor-widget-container\">\n\t\t\t\t\t\t\t\t\t<div class=\"elementor-button-wrapper\">\n\t\t\t\t\t<a class=\"elementor-button elementor-button-link elementor-size-sm\" href=\"http:\/\/mentoriumpartners.com\/en\/faites-le-premier-pas-vers-la-reussite-professionnelle\/\">\n\t\t\t\t\t\t<span class=\"elementor-button-content-wrapper\">\n\t\t\t\t\t\t\t\t\t<span class=\"elementor-button-text\">Contact us<\/span>\n\t\t\t\t\t<\/span>\n\t\t\t\t\t<\/a>\n\t\t\t\t<\/div>\n\t\t\t\t\t\t\t\t<\/div>\n\t\t\t\t<\/div>\n\t\t\t\t\t<\/div>\n\t\t<\/div>\n\t\t\t\t\t<\/div>\n\t\t<\/section>\n\t\t\t\t<\/div>","protected":false},"excerpt":{"rendered":"<p>Actualit\u00e9s Actualit\u00e9s Entrepreneurs : pourquoi une approche pluridisciplinaire est aujourd\u2019hui indispensable 7 May 2025 Piloter la liquidit\u00e9 : un levier strat\u00e9gique au service de la performance 23 April 2025 M\u00e9decins &amp; Professions Lib\u00e9rales : les 12 probl\u00e8mes patrimoniaux les plus fr\u00e9quents 22 April 2025 Expertise comptable : et si le vrai sujet, ce n&#039;\u00e9tait plus [&hellip;]<\/p>","protected":false},"author":1,"featured_media":0,"parent":0,"menu_order":0,"comment_status":"closed","ping_status":"closed","template":"","meta":{"_eb_attr":"","footnotes":""},"class_list":["post-1186","page","type-page","status-publish","hentry"],"yoast_head":"<!-- This site is optimized with the Yoast SEO plugin v25.7 - https:\/\/yoast.com\/wordpress\/plugins\/seo\/ -->\n<title>Actualit\u00e9s | Mentorium Partners<\/title>\n<meta name=\"robots\" content=\"index, follow, max-snippet:-1, max-image-preview:large, max-video-preview:-1\" \/>\n<link rel=\"canonical\" href=\"https:\/\/mentoriumpartners.com\/en\/actualites\/\" \/>\n<meta property=\"og:locale\" content=\"en_US\" \/>\n<meta property=\"og:type\" content=\"article\" \/>\n<meta property=\"og:title\" content=\"Actualit\u00e9s | Mentorium Partners\" \/>\n<meta property=\"og:description\" content=\"Actualit\u00e9s Actualit\u00e9s Entrepreneurs : pourquoi une approche pluridisciplinaire est aujourd\u2019hui indispensable 7 May 2025 Piloter la liquidit\u00e9 : un levier strat\u00e9gique au service de la performance 23 April 2025 M\u00e9decins &amp; Professions Lib\u00e9rales : les 12 probl\u00e8mes patrimoniaux les plus fr\u00e9quents 22 April 2025 Expertise comptable : et si le vrai sujet, ce n&#039;\u00e9tait plus [&hellip;]\" \/>\n<meta property=\"og:url\" content=\"https:\/\/mentoriumpartners.com\/en\/actualites\/\" \/>\n<meta property=\"og:site_name\" content=\"Mentorium Partners\" \/>\n<meta property=\"article:modified_time\" content=\"2025-05-22T15:02:04+00:00\" \/>\n<meta property=\"og:image\" content=\"https:\/\/mentoriumpartners.com\/wp-content\/uploads\/2025\/04\/Home_new-1024x576.png\" \/>\n\t<meta property=\"og:image:width\" content=\"1024\" \/>\n\t<meta property=\"og:image:height\" content=\"576\" \/>\n\t<meta property=\"og:image:type\" content=\"image\/png\" \/>\n<meta name=\"twitter:card\" content=\"summary_large_image\" \/>\n<meta name=\"twitter:label1\" content=\"Est. reading time\" \/>\n\t<meta name=\"twitter:data1\" content=\"1 minute\" \/>\n<script type=\"application\/ld+json\" class=\"yoast-schema-graph\">{\"@context\":\"https:\/\/schema.org\",\"@graph\":[{\"@type\":\"WebPage\",\"@id\":\"https:\/\/mentoriumpartners.com\/actualites\/\",\"url\":\"https:\/\/mentoriumpartners.com\/actualites\/\",\"name\":\"Actualit\u00e9s | Mentorium Partners\",\"isPartOf\":{\"@id\":\"https:\/\/mentoriumpartners.com\/#website\"},\"primaryImageOfPage\":{\"@id\":\"https:\/\/mentoriumpartners.com\/actualites\/#primaryimage\"},\"image\":{\"@id\":\"https:\/\/mentoriumpartners.com\/actualites\/#primaryimage\"},\"thumbnailUrl\":\"https:\/\/mentoriumpartners.com\/wp-content\/uploads\/2025\/04\/Home_new-1024x576.png\",\"datePublished\":\"2025-04-19T08:10:09+00:00\",\"dateModified\":\"2025-05-22T15:02:04+00:00\",\"breadcrumb\":{\"@id\":\"https:\/\/mentoriumpartners.com\/actualites\/#breadcrumb\"},\"inLanguage\":\"en-US\",\"potentialAction\":[{\"@type\":\"ReadAction\",\"target\":[\"https:\/\/mentoriumpartners.com\/actualites\/\"]}]},{\"@type\":\"ImageObject\",\"inLanguage\":\"en-US\",\"@id\":\"https:\/\/mentoriumpartners.com\/actualites\/#primaryimage\",\"url\":\"https:\/\/mentoriumpartners.com\/wp-content\/uploads\/2025\/04\/Home_new-1024x576.png\",\"contentUrl\":\"https:\/\/mentoriumpartners.com\/wp-content\/uploads\/2025\/04\/Home_new-1024x576.png\"},{\"@type\":\"BreadcrumbList\",\"@id\":\"https:\/\/mentoriumpartners.com\/actualites\/#breadcrumb\",\"itemListElement\":[{\"@type\":\"ListItem\",\"position\":1,\"name\":\"Accueil\",\"item\":\"https:\/\/mentoriumpartners.com\/\"},{\"@type\":\"ListItem\",\"position\":2,\"name\":\"Actualit\u00e9s\"}]},{\"@type\":\"WebSite\",\"@id\":\"https:\/\/mentoriumpartners.com\/#website\",\"url\":\"https:\/\/mentoriumpartners.com\/\",\"name\":\"Mentorium Partners\",\"description\":\"Mentorium Partners, Maison de conseil ind\u00e9pendante\",\"publisher\":{\"@id\":\"https:\/\/mentoriumpartners.com\/#organization\"},\"potentialAction\":[{\"@type\":\"SearchAction\",\"target\":{\"@type\":\"EntryPoint\",\"urlTemplate\":\"https:\/\/mentoriumpartners.com\/?s={search_term_string}\"},\"query-input\":{\"@type\":\"PropertyValueSpecification\",\"valueRequired\":true,\"valueName\":\"search_term_string\"}}],\"inLanguage\":\"en-US\"},{\"@type\":\"Organization\",\"@id\":\"https:\/\/mentoriumpartners.com\/#organization\",\"name\":\"Mentorium Partners\",\"url\":\"https:\/\/mentoriumpartners.com\/\",\"logo\":{\"@type\":\"ImageObject\",\"inLanguage\":\"en-US\",\"@id\":\"https:\/\/mentoriumpartners.com\/#\/schema\/logo\/image\/\",\"url\":\"https:\/\/mentoriumpartners.com\/wp-content\/uploads\/2025\/05\/Logo_bleu-scaled.png\",\"contentUrl\":\"https:\/\/mentoriumpartners.com\/wp-content\/uploads\/2025\/05\/Logo_bleu-scaled.png\",\"width\":2560,\"height\":233,\"caption\":\"Mentorium Partners\"},\"image\":{\"@id\":\"https:\/\/mentoriumpartners.com\/#\/schema\/logo\/image\/\"}}]}<\/script>\n<!-- \/ Yoast SEO plugin. -->","yoast_head_json":{"title":"Actualit\u00e9s | Mentorium Partners","robots":{"index":"index","follow":"follow","max-snippet":"max-snippet:-1","max-image-preview":"max-image-preview:large","max-video-preview":"max-video-preview:-1"},"canonical":"https:\/\/mentoriumpartners.com\/en\/actualites\/","og_locale":"en_US","og_type":"article","og_title":"Actualit\u00e9s | Mentorium Partners","og_description":"Actualit\u00e9s Actualit\u00e9s Entrepreneurs : pourquoi une approche pluridisciplinaire est aujourd\u2019hui indispensable 7 May 2025 Piloter la liquidit\u00e9 : un levier strat\u00e9gique au service de la performance 23 April 2025 M\u00e9decins &amp; Professions Lib\u00e9rales : les 12 probl\u00e8mes patrimoniaux les plus fr\u00e9quents 22 April 2025 Expertise comptable : et si le vrai sujet, ce n&#039;\u00e9tait plus [&hellip;]","og_url":"https:\/\/mentoriumpartners.com\/en\/actualites\/","og_site_name":"Mentorium Partners","article_modified_time":"2025-05-22T15:02:04+00:00","og_image":[{"width":1024,"height":576,"url":"https:\/\/mentoriumpartners.com\/wp-content\/uploads\/2025\/04\/Home_new-1024x576.png","type":"image\/png"}],"twitter_card":"summary_large_image","twitter_misc":{"Est. reading time":"1 minute"},"schema":{"@context":"https:\/\/schema.org","@graph":[{"@type":"WebPage","@id":"https:\/\/mentoriumpartners.com\/actualites\/","url":"https:\/\/mentoriumpartners.com\/actualites\/","name":"Actualit\u00e9s | Mentorium Partners","isPartOf":{"@id":"https:\/\/mentoriumpartners.com\/#website"},"primaryImageOfPage":{"@id":"https:\/\/mentoriumpartners.com\/actualites\/#primaryimage"},"image":{"@id":"https:\/\/mentoriumpartners.com\/actualites\/#primaryimage"},"thumbnailUrl":"https:\/\/mentoriumpartners.com\/wp-content\/uploads\/2025\/04\/Home_new-1024x576.png","datePublished":"2025-04-19T08:10:09+00:00","dateModified":"2025-05-22T15:02:04+00:00","breadcrumb":{"@id":"https:\/\/mentoriumpartners.com\/actualites\/#breadcrumb"},"inLanguage":"en-US","potentialAction":[{"@type":"ReadAction","target":["https:\/\/mentoriumpartners.com\/actualites\/"]}]},{"@type":"ImageObject","inLanguage":"en-US","@id":"https:\/\/mentoriumpartners.com\/actualites\/#primaryimage","url":"https:\/\/mentoriumpartners.com\/wp-content\/uploads\/2025\/04\/Home_new-1024x576.png","contentUrl":"https:\/\/mentoriumpartners.com\/wp-content\/uploads\/2025\/04\/Home_new-1024x576.png"},{"@type":"BreadcrumbList","@id":"https:\/\/mentoriumpartners.com\/actualites\/#breadcrumb","itemListElement":[{"@type":"ListItem","position":1,"name":"Accueil","item":"https:\/\/mentoriumpartners.com\/"},{"@type":"ListItem","position":2,"name":"Actualit\u00e9s"}]},{"@type":"WebSite","@id":"https:\/\/mentoriumpartners.com\/#website","url":"https:\/\/mentoriumpartners.com\/","name":"Mentorium Partners","description":"Mentorium Partners, Maison de conseil ind\u00e9pendante","publisher":{"@id":"https:\/\/mentoriumpartners.com\/#organization"},"potentialAction":[{"@type":"SearchAction","target":{"@type":"EntryPoint","urlTemplate":"https:\/\/mentoriumpartners.com\/?s={search_term_string}"},"query-input":{"@type":"PropertyValueSpecification","valueRequired":true,"valueName":"search_term_string"}}],"inLanguage":"en-US"},{"@type":"Organization","@id":"https:\/\/mentoriumpartners.com\/#organization","name":"Mentorium Partners","url":"https:\/\/mentoriumpartners.com\/","logo":{"@type":"ImageObject","inLanguage":"en-US","@id":"https:\/\/mentoriumpartners.com\/#\/schema\/logo\/image\/","url":"https:\/\/mentoriumpartners.com\/wp-content\/uploads\/2025\/05\/Logo_bleu-scaled.png","contentUrl":"https:\/\/mentoriumpartners.com\/wp-content\/uploads\/2025\/05\/Logo_bleu-scaled.png","width":2560,"height":233,"caption":"Mentorium Partners"},"image":{"@id":"https:\/\/mentoriumpartners.com\/#\/schema\/logo\/image\/"}}]}},"_links":{"self":[{"href":"https:\/\/mentoriumpartners.com\/en\/wp-json\/wp\/v2\/pages\/1186","targetHints":{"allow":["GET"]}}],"collection":[{"href":"https:\/\/mentoriumpartners.com\/en\/wp-json\/wp\/v2\/pages"}],"about":[{"href":"https:\/\/mentoriumpartners.com\/en\/wp-json\/wp\/v2\/types\/page"}],"author":[{"embeddable":true,"href":"https:\/\/mentoriumpartners.com\/en\/wp-json\/wp\/v2\/users\/1"}],"replies":[{"embeddable":true,"href":"https:\/\/mentoriumpartners.com\/en\/wp-json\/wp\/v2\/comments?post=1186"}],"version-history":[{"count":0,"href":"https:\/\/mentoriumpartners.com\/en\/wp-json\/wp\/v2\/pages\/1186\/revisions"}],"wp:attachment":[{"href":"https:\/\/mentoriumpartners.com\/en\/wp-json\/wp\/v2\/media?parent=1186"}],"curies":[{"name":"wp","href":"https:\/\/api.w.org\/{rel}","templated":true}]}}