{"id":400,"date":"2025-04-05T14:01:24","date_gmt":"2025-04-05T12:01:24","guid":{"rendered":"http:\/\/mentoriumpartners.com\/about\/"},"modified":"2025-05-22T17:15:22","modified_gmt":"2025-05-22T15:15:22","slug":"notre-identite","status":"publish","type":"page","link":"https:\/\/mentoriumpartners.com\/en\/notre-identite\/","title":{"rendered":"Our identity"},"content":{"rendered":"<div data-elementor-type=\"wp-page\" data-elementor-id=\"400\" class=\"elementor elementor-400\" data-elementor-settings=\"{&quot;ha_cmc_init_switcher&quot;:&quot;no&quot;}\">\n\t\t\t\t<div class=\"elementor-element elementor-element-786bad7c e-grid e-con-full e-con e-parent\" data-id=\"786bad7c\" data-element_type=\"container\" data-settings=\"{&quot;shape_divider_top&quot;:&quot;arrow&quot;,&quot;background_background&quot;:&quot;classic&quot;,&quot;_ha_eqh_enable&quot;:false}\">\n\t\t\t\t<div class=\"elementor-shape elementor-shape-top\" aria-hidden=\"true\" data-negative=\"false\">\n\t\t\t<svg xmlns=\"http:\/\/www.w3.org\/2000\/svg\" viewbox=\"0 0 700 10\" preserveaspectratio=\"none\">\n\t<path class=\"elementor-shape-fill\" d=\"M350,10L340,0h20L350,10z\"\/>\n<\/svg>\t\t<\/div>\n\t\t\t\t<div class=\"elementor-element elementor-element-763e53a6 elementor-widget__width-inherit elementor-invisible elementor-widget elementor-widget-image\" data-id=\"763e53a6\" data-element_type=\"widget\" data-settings=\"{&quot;_animation&quot;:&quot;fadeInLeft&quot;}\" data-widget_type=\"image.default\">\n\t\t\t\t<div class=\"elementor-widget-container\">\n\t\t\t\t\t\t\t\t\t\t\t\t\t\t\t<img fetchpriority=\"high\" decoding=\"async\" width=\"800\" height=\"450\" src=\"https:\/\/mentoriumpartners.com\/wp-content\/uploads\/2025\/04\/Notre-identite-new_1-1024x576.png\" class=\"attachment-large size-large wp-image-1046\" alt=\"\" srcset=\"https:\/\/mentoriumpartners.com\/wp-content\/uploads\/2025\/04\/Notre-identite-new_1-1024x576.png 1024w, https:\/\/mentoriumpartners.com\/wp-content\/uploads\/2025\/04\/Notre-identite-new_1-300x169.png 300w, https:\/\/mentoriumpartners.com\/wp-content\/uploads\/2025\/04\/Notre-identite-new_1-768x432.png 768w, https:\/\/mentoriumpartners.com\/wp-content\/uploads\/2025\/04\/Notre-identite-new_1-1536x864.png 1536w, https:\/\/mentoriumpartners.com\/wp-content\/uploads\/2025\/04\/Notre-identite-new_1.png 2000w\" sizes=\"(max-width: 800px) 100vw, 800px\" \/>\t\t\t\t\t\t\t\t\t\t\t\t\t\t\t<\/div>\n\t\t\t\t<\/div>\n\t\t\t\t<div class=\"elementor-element elementor-element-58bf0e19 elementor-invisible elementor-widget elementor-widget-heading\" data-id=\"58bf0e19\" data-element_type=\"widget\" data-settings=\"{&quot;_animation&quot;:&quot;fadeInUp&quot;}\" data-widget_type=\"heading.default\">\n\t\t\t\t<div class=\"elementor-widget-container\">\n\t\t\t\t\t<h1 class=\"elementor-heading-title elementor-size-default\">Our identity<\/h1>\t\t\t\t<\/div>\n\t\t\t\t<\/div>\n\t\t\t\t<\/div>\n\t\t<div class=\"elementor-element elementor-element-5fe5f8f e-flex e-con-boxed e-con e-parent\" data-id=\"5fe5f8f\" data-element_type=\"container\" data-settings=\"{&quot;_ha_eqh_enable&quot;:false}\">\n\t\t\t\t\t<div class=\"e-con-inner\">\n\t\t\t\t<div class=\"elementor-element elementor-element-5de6cb9 elementor-widget elementor-widget-shortcode\" data-id=\"5de6cb9\" data-element_type=\"widget\" data-widget_type=\"shortcode.default\">\n\t\t\t\t<div class=\"elementor-widget-container\">\n\t\t\t\t\t\t\t<div class=\"elementor-shortcode\"><span><span><a href=\"https:\/\/mentoriumpartners.com\/en\/\">Accueil<\/a><\/span><\/span><\/div>\n\t\t\t\t\t\t<\/div>\n\t\t\t\t<\/div>\n\t\t\t\t\t<\/div>\n\t\t\t\t<\/div>\n\t\t\t\t<section class=\"elementor-section elementor-top-section elementor-element elementor-element-8ba3380 elementor-section-boxed elementor-section-height-default elementor-section-height-default\" data-id=\"8ba3380\" data-element_type=\"section\" id=\"info_section\" data-settings=\"{&quot;background_background&quot;:&quot;classic&quot;,&quot;_ha_eqh_enable&quot;:false}\">\n\t\t\t\t\t\t<div class=\"elementor-container elementor-column-gap-no\">\n\t\t\t\t\t<div class=\"elementor-column elementor-col-50 elementor-top-column elementor-element elementor-element-fc21a0b\" data-id=\"fc21a0b\" data-element_type=\"column\">\n\t\t\t<div class=\"elementor-widget-wrap elementor-element-populated\">\n\t\t\t\t\t\t<div class=\"elementor-element elementor-element-1d24bef elementor-invisible elementor-widget elementor-widget-heading\" data-id=\"1d24bef\" data-element_type=\"widget\" data-settings=\"{&quot;_animation&quot;:&quot;fadeInDown&quot;}\" data-widget_type=\"heading.default\">\n\t\t\t\t<div class=\"elementor-widget-container\">\n\t\t\t\t\t<h2 class=\"elementor-heading-title elementor-size-default\">Consulting house<br>&amp; Gestion des affaires<\/h2>\t\t\t\t<\/div>\n\t\t\t\t<\/div>\n\t\t\t\t<div class=\"elementor-element elementor-element-685782e elementor-invisible elementor-widget elementor-widget-text-editor\" data-id=\"685782e\" data-element_type=\"widget\" data-settings=\"{&quot;_animation&quot;:&quot;fadeInUp&quot;}\" data-widget_type=\"text-editor.default\">\n\t\t\t\t<div class=\"elementor-widget-container\">\n\t\t\t\t\t\t\t\t\t<p>At Mentorium Partners, we stand by those who carry so much, often alone.<\/p><p>Notre vocation : \u00e9clairer, structurer et s\u00e9curiser les trajectoires de d\u00e9cideurs qui dirigent, engagent, assument, dans des moments d\u00e9cisifs.<\/p><p>We are an independent, human-sized consulting firm built around a simple conviction: creating value is not enough; you still need to know how to organize it, protect it, and transmit it.<\/p><p>Our role is not to add noise to already complex decisions, but to bring legibility, meaning and a sustainable guideline.<\/p><p>We do not multiply the interlocutors: we coordinate them. We do not replace the existing councils: we make them dialogue.<\/p><p>We move forward with clarity, loyalty and precision, in a relationship of lasting trust supported by an invisibility as chosen as essential.<\/p><p>And if we are discreet, it is so that our customers can be fully visible, where they create real value.<\/p>\t\t\t\t\t\t\t\t<\/div>\n\t\t\t\t<\/div>\n\t\t\t\t\t<\/div>\n\t\t<\/div>\n\t\t\t\t<div class=\"elementor-column elementor-col-50 elementor-top-column elementor-element elementor-element-0465cdc elementor-invisible\" data-id=\"0465cdc\" data-element_type=\"column\" data-settings=\"{&quot;animation&quot;:&quot;fadeInUp&quot;}\">\n\t\t\t<div class=\"elementor-widget-wrap elementor-element-populated\">\n\t\t\t\t\t\t<div class=\"elementor-element elementor-element-b64fff4 elementor-widget-tablet__width-initial elementor-widget-mobile__width-initial elementor-invisible elementor-widget elementor-widget-image\" data-id=\"b64fff4\" data-element_type=\"widget\" data-settings=\"{&quot;_animation&quot;:&quot;fadeInRight&quot;}\" data-widget_type=\"image.default\">\n\t\t\t\t<div class=\"elementor-widget-container\">\n\t\t\t\t\t\t\t\t\t\t\t\t\t\t\t<img decoding=\"async\" width=\"1125\" height=\"2000\" src=\"https:\/\/mentoriumpartners.com\/wp-content\/uploads\/2025\/04\/arbre_cut-gauche.png\" class=\"attachment-full size-full wp-image-729\" alt=\"\" srcset=\"https:\/\/mentoriumpartners.com\/wp-content\/uploads\/2025\/04\/arbre_cut-gauche.png 1125w, https:\/\/mentoriumpartners.com\/wp-content\/uploads\/2025\/04\/arbre_cut-gauche-169x300.png 169w, https:\/\/mentoriumpartners.com\/wp-content\/uploads\/2025\/04\/arbre_cut-gauche-576x1024.png 576w, https:\/\/mentoriumpartners.com\/wp-content\/uploads\/2025\/04\/arbre_cut-gauche-768x1365.png 768w, https:\/\/mentoriumpartners.com\/wp-content\/uploads\/2025\/04\/arbre_cut-gauche-864x1536.png 864w\" sizes=\"(max-width: 1125px) 100vw, 1125px\" \/>\t\t\t\t\t\t\t\t\t\t\t\t\t\t\t<\/div>\n\t\t\t\t<\/div>\n\t\t\t\t\t<\/div>\n\t\t<\/div>\n\t\t\t\t\t<\/div>\n\t\t<\/section>\n\t\t<div class=\"elementor-element elementor-element-f22d842 e-flex e-con-boxed e-con e-parent\" data-id=\"f22d842\" data-element_type=\"container\" data-settings=\"{&quot;_ha_eqh_enable&quot;:false}\">\n\t\t\t\t\t<div class=\"e-con-inner\">\n\t\t<div class=\"elementor-element elementor-element-3ba2040 e-con-full e-flex e-con e-child\" data-id=\"3ba2040\" data-element_type=\"container\" data-settings=\"{&quot;_ha_eqh_enable&quot;:false}\">\n\t\t\t\t<div class=\"elementor-element elementor-element-7663507 elementor-invisible elementor-widget elementor-widget-image\" data-id=\"7663507\" data-element_type=\"widget\" data-settings=\"{&quot;_animation&quot;:&quot;fadeInUp&quot;}\" data-widget_type=\"image.default\">\n\t\t\t\t<div class=\"elementor-widget-container\">\n\t\t\t\t\t\t\t\t\t\t\t\t\t\t\t<img decoding=\"async\" width=\"576\" height=\"1024\" src=\"https:\/\/mentoriumpartners.com\/wp-content\/uploads\/2025\/04\/Identite-new_2-576x1024.png\" class=\"attachment-large size-large wp-image-1047\" alt=\"\" srcset=\"https:\/\/mentoriumpartners.com\/wp-content\/uploads\/2025\/04\/Identite-new_2-576x1024.png 576w, https:\/\/mentoriumpartners.com\/wp-content\/uploads\/2025\/04\/Identite-new_2-169x300.png 169w, https:\/\/mentoriumpartners.com\/wp-content\/uploads\/2025\/04\/Identite-new_2-768x1365.png 768w, https:\/\/mentoriumpartners.com\/wp-content\/uploads\/2025\/04\/Identite-new_2-864x1536.png 864w, https:\/\/mentoriumpartners.com\/wp-content\/uploads\/2025\/04\/Identite-new_2.png 1125w\" sizes=\"(max-width: 576px) 100vw, 576px\" \/>\t\t\t\t\t\t\t\t\t\t\t\t\t\t\t<\/div>\n\t\t\t\t<\/div>\n\t\t\t\t<\/div>\n\t\t<div class=\"elementor-element elementor-element-4bc828d e-con-full e-flex e-con e-child\" data-id=\"4bc828d\" data-element_type=\"container\" data-settings=\"{&quot;_ha_eqh_enable&quot;:false}\">\n\t\t\t\t<div class=\"elementor-element elementor-element-c957770 elementor-invisible elementor-widget elementor-widget-heading\" data-id=\"c957770\" data-element_type=\"widget\" data-settings=\"{&quot;_animation&quot;:&quot;fadeInDown&quot;}\" data-widget_type=\"heading.default\">\n\t\t\t\t<div class=\"elementor-widget-container\">\n\t\t\t\t\t<h2 class=\"elementor-heading-title elementor-size-default\">A word from the founder <br> Mike Vitalien<\/h2>\t\t\t\t<\/div>\n\t\t\t\t<\/div>\n\t\t\t\t<div class=\"elementor-element elementor-element-2806b7c elementor-invisible elementor-widget elementor-widget-text-editor\" data-id=\"2806b7c\" data-element_type=\"widget\" data-settings=\"{&quot;_animation&quot;:&quot;fadeInRight&quot;}\" data-widget_type=\"text-editor.default\">\n\t\t\t\t<div class=\"elementor-widget-container\">\n\t\t\t\t\t\t\t\t\t<p>I stand by the side of women and men, strategic decision-makers whose choices shape trajectories, teams, sometimes heritages.<\/p><p>My role: articulate, connect, translate, with rigor, loyalty and discretion. To transform complexity into a clear trajectory, and preserve what is worth lasting.<\/p><p>Why did I create Mentorium Partners?<\/p><p>Because in a first life, I learned listening and empathy. In a second, I learned finance, strategy, structuring. And I quickly understood that the two were inseparable.<\/p><p>I created this house in my image, with what I would have liked to find: a demanding advice, discreet, but deeply human.<\/p><p>A bond of trust between a leader and his advisor. Not a technical report, but a space where we can think, decide, structure, without having to overplay the mastery. Mentorium Partners is the link between rigour and accuracy, between strategic vision and free speech.<\/p>\t\t\t\t\t\t\t\t<\/div>\n\t\t\t\t<\/div>\n\t\t\t\t<\/div>\n\t\t\t\t\t<\/div>\n\t\t\t\t<\/div>\n\t\t\t\t<section class=\"elementor-section elementor-top-section elementor-element elementor-element-4146d1de elementor-section-content-middle elementor-section-full_width elementor-section-height-default elementor-section-height-default\" data-id=\"4146d1de\" data-element_type=\"section\" data-settings=\"{&quot;_ha_eqh_enable&quot;:false}\">\n\t\t\t\t\t\t<div class=\"elementor-container elementor-column-gap-wider\">\n\t\t\t\t\t<div class=\"elementor-column elementor-col-50 elementor-top-column elementor-element elementor-element-6906c0e1\" data-id=\"6906c0e1\" data-element_type=\"column\">\n\t\t\t<div class=\"elementor-widget-wrap elementor-element-populated\">\n\t\t\t\t\t\t<div class=\"elementor-element elementor-element-6bb6ec31 elementor-invisible elementor-widget elementor-widget-image\" data-id=\"6bb6ec31\" data-element_type=\"widget\" data-settings=\"{&quot;_animation&quot;:&quot;fadeInLeft&quot;}\" data-widget_type=\"image.default\">\n\t\t\t\t<div class=\"elementor-widget-container\">\n\t\t\t\t\t\t\t\t\t\t\t\t\t\t\t<img loading=\"lazy\" decoding=\"async\" width=\"800\" height=\"450\" src=\"https:\/\/mentoriumpartners.com\/wp-content\/uploads\/2025\/04\/9_Home_Cut-1024x576.png\" class=\"attachment-large size-large wp-image-715\" alt=\"\" srcset=\"https:\/\/mentoriumpartners.com\/wp-content\/uploads\/2025\/04\/9_Home_Cut-1024x576.png 1024w, https:\/\/mentoriumpartners.com\/wp-content\/uploads\/2025\/04\/9_Home_Cut-300x169.png 300w, https:\/\/mentoriumpartners.com\/wp-content\/uploads\/2025\/04\/9_Home_Cut-768x432.png 768w, https:\/\/mentoriumpartners.com\/wp-content\/uploads\/2025\/04\/9_Home_Cut-1536x864.png 1536w, https:\/\/mentoriumpartners.com\/wp-content\/uploads\/2025\/04\/9_Home_Cut.png 2000w\" sizes=\"(max-width: 800px) 100vw, 800px\" \/>\t\t\t\t\t\t\t\t\t\t\t\t\t\t\t<\/div>\n\t\t\t\t<\/div>\n\t\t\t\t\t<\/div>\n\t\t<\/div>\n\t\t\t\t<div class=\"elementor-column elementor-col-50 elementor-top-column elementor-element elementor-element-1dfc3def elementor-invisible\" data-id=\"1dfc3def\" data-element_type=\"column\" data-settings=\"{&quot;animation&quot;:&quot;fadeInUp&quot;}\">\n\t\t\t<div class=\"elementor-widget-wrap elementor-element-populated\">\n\t\t\t\t\t\t<div class=\"elementor-element elementor-element-3da376b elementor-widget elementor-widget-heading\" data-id=\"3da376b\" data-element_type=\"widget\" data-widget_type=\"heading.default\">\n\t\t\t\t<div class=\"elementor-widget-container\">\n\t\t\t\t\t<h2 class=\"elementor-heading-title elementor-size-default\">TAKE THE FIRST STEP TO SUCCESS<\/h2>\t\t\t\t<\/div>\n\t\t\t\t<\/div>\n\t\t\t\t<div class=\"elementor-element elementor-element-34797032 elementor-widget elementor-widget-button\" data-id=\"34797032\" data-element_type=\"widget\" data-widget_type=\"button.default\">\n\t\t\t\t<div class=\"elementor-widget-container\">\n\t\t\t\t\t\t\t\t\t<div class=\"elementor-button-wrapper\">\n\t\t\t\t\t<a class=\"elementor-button elementor-button-link elementor-size-sm\" href=\"http:\/\/mentoriumpartners.com\/en\/faites-le-premier-pas-vers-la-reussite-professionnelle\/\">\n\t\t\t\t\t\t<span class=\"elementor-button-content-wrapper\">\n\t\t\t\t\t\t\t\t\t<span class=\"elementor-button-text\">Contact us<\/span>\n\t\t\t\t\t<\/span>\n\t\t\t\t\t<\/a>\n\t\t\t\t<\/div>\n\t\t\t\t\t\t\t\t<\/div>\n\t\t\t\t<\/div>\n\t\t\t\t\t<\/div>\n\t\t<\/div>\n\t\t\t\t\t<\/div>\n\t\t<\/section>\n\t\t\t\t<\/div>","protected":false},"excerpt":{"rendered":"<p>Notre identit\u00e9 Maison de conseil ind\u00e9pendante&amp; Gestion des affaires Chez Mentorium Partners, nous nous tenons aux cot\u00e9s de celles et ceux\u00a0 qui portent beaucoup, souvent seuls. Notre vocation : \u00e9clairer, structurer et s\u00e9curiser les trajectoires de d\u00e9cideurs qui dirigent, engagent, assument, dans des moments d\u00e9cisifs. Nous sommes une maison de conseil ind\u00e9pendante, \u00e0 taille humaine, [&hellip;]<\/p>","protected":false},"author":1,"featured_media":0,"parent":0,"menu_order":0,"comment_status":"closed","ping_status":"closed","template":"","meta":{"_eb_attr":"","footnotes":""},"class_list":["post-400","page","type-page","status-publish","hentry"],"yoast_head":"<!-- This site is optimized with the Yoast SEO plugin v25.7 - https:\/\/yoast.com\/wordpress\/plugins\/seo\/ -->\n<title>Notre identit\u00e9 | Mentorium Partners<\/title>\n<meta name=\"robots\" content=\"index, follow, max-snippet:-1, max-image-preview:large, max-video-preview:-1\" \/>\n<link rel=\"canonical\" href=\"https:\/\/mentoriumpartners.com\/en\/notre-identite\/\" \/>\n<meta property=\"og:locale\" content=\"en_US\" \/>\n<meta property=\"og:type\" content=\"article\" \/>\n<meta property=\"og:title\" content=\"Notre identit\u00e9 | Mentorium Partners\" \/>\n<meta property=\"og:description\" content=\"Notre identit\u00e9 Maison de conseil ind\u00e9pendante&amp; Gestion des affaires Chez Mentorium Partners, nous nous tenons aux cot\u00e9s de celles et ceux\u00a0 qui portent beaucoup, souvent seuls. Notre vocation : \u00e9clairer, structurer et s\u00e9curiser les trajectoires de d\u00e9cideurs qui dirigent, engagent, assument, dans des moments d\u00e9cisifs. Nous sommes une maison de conseil ind\u00e9pendante, \u00e0 taille humaine, [&hellip;]\" \/>\n<meta property=\"og:url\" content=\"https:\/\/mentoriumpartners.com\/en\/notre-identite\/\" \/>\n<meta property=\"og:site_name\" content=\"Mentorium Partners\" \/>\n<meta property=\"article:modified_time\" content=\"2025-05-22T15:15:22+00:00\" \/>\n<meta property=\"og:image\" content=\"https:\/\/mentoriumpartners.com\/wp-content\/uploads\/2025\/04\/Notre-identite-new_1-1024x576.png\" \/>\n\t<meta property=\"og:image:width\" content=\"1024\" \/>\n\t<meta property=\"og:image:height\" content=\"576\" \/>\n\t<meta property=\"og:image:type\" content=\"image\/png\" \/>\n<meta name=\"twitter:card\" content=\"summary_large_image\" \/>\n<meta name=\"twitter:label1\" content=\"Est. reading time\" \/>\n\t<meta name=\"twitter:data1\" content=\"3 minutes\" \/>\n<script type=\"application\/ld+json\" class=\"yoast-schema-graph\">{\"@context\":\"https:\/\/schema.org\",\"@graph\":[{\"@type\":\"WebPage\",\"@id\":\"https:\/\/mentoriumpartners.com\/notre-identite\/\",\"url\":\"https:\/\/mentoriumpartners.com\/notre-identite\/\",\"name\":\"Notre identit\u00e9 | Mentorium Partners\",\"isPartOf\":{\"@id\":\"https:\/\/mentoriumpartners.com\/#website\"},\"primaryImageOfPage\":{\"@id\":\"https:\/\/mentoriumpartners.com\/notre-identite\/#primaryimage\"},\"image\":{\"@id\":\"https:\/\/mentoriumpartners.com\/notre-identite\/#primaryimage\"},\"thumbnailUrl\":\"https:\/\/mentoriumpartners.com\/wp-content\/uploads\/2025\/04\/Notre-identite-new_1-1024x576.png\",\"datePublished\":\"2025-04-05T12:01:24+00:00\",\"dateModified\":\"2025-05-22T15:15:22+00:00\",\"breadcrumb\":{\"@id\":\"https:\/\/mentoriumpartners.com\/notre-identite\/#breadcrumb\"},\"inLanguage\":\"en-US\",\"potentialAction\":[{\"@type\":\"ReadAction\",\"target\":[\"https:\/\/mentoriumpartners.com\/notre-identite\/\"]}]},{\"@type\":\"ImageObject\",\"inLanguage\":\"en-US\",\"@id\":\"https:\/\/mentoriumpartners.com\/notre-identite\/#primaryimage\",\"url\":\"https:\/\/mentoriumpartners.com\/wp-content\/uploads\/2025\/04\/Notre-identite-new_1-1024x576.png\",\"contentUrl\":\"https:\/\/mentoriumpartners.com\/wp-content\/uploads\/2025\/04\/Notre-identite-new_1-1024x576.png\"},{\"@type\":\"BreadcrumbList\",\"@id\":\"https:\/\/mentoriumpartners.com\/notre-identite\/#breadcrumb\",\"itemListElement\":[{\"@type\":\"ListItem\",\"position\":1,\"name\":\"Accueil\",\"item\":\"https:\/\/mentoriumpartners.com\/\"},{\"@type\":\"ListItem\",\"position\":2,\"name\":\"Notre identit\u00e9\"}]},{\"@type\":\"WebSite\",\"@id\":\"https:\/\/mentoriumpartners.com\/#website\",\"url\":\"https:\/\/mentoriumpartners.com\/\",\"name\":\"Mentorium Partners\",\"description\":\"Mentorium Partners, Maison de conseil ind\u00e9pendante\",\"publisher\":{\"@id\":\"https:\/\/mentoriumpartners.com\/#organization\"},\"potentialAction\":[{\"@type\":\"SearchAction\",\"target\":{\"@type\":\"EntryPoint\",\"urlTemplate\":\"https:\/\/mentoriumpartners.com\/?s={search_term_string}\"},\"query-input\":{\"@type\":\"PropertyValueSpecification\",\"valueRequired\":true,\"valueName\":\"search_term_string\"}}],\"inLanguage\":\"en-US\"},{\"@type\":\"Organization\",\"@id\":\"https:\/\/mentoriumpartners.com\/#organization\",\"name\":\"Mentorium Partners\",\"url\":\"https:\/\/mentoriumpartners.com\/\",\"logo\":{\"@type\":\"ImageObject\",\"inLanguage\":\"en-US\",\"@id\":\"https:\/\/mentoriumpartners.com\/#\/schema\/logo\/image\/\",\"url\":\"https:\/\/mentoriumpartners.com\/wp-content\/uploads\/2025\/05\/Logo_bleu-scaled.png\",\"contentUrl\":\"https:\/\/mentoriumpartners.com\/wp-content\/uploads\/2025\/05\/Logo_bleu-scaled.png\",\"width\":2560,\"height\":233,\"caption\":\"Mentorium Partners\"},\"image\":{\"@id\":\"https:\/\/mentoriumpartners.com\/#\/schema\/logo\/image\/\"}}]}<\/script>\n<!-- \/ Yoast SEO plugin. -->","yoast_head_json":{"title":"Notre identit\u00e9 | Mentorium Partners","robots":{"index":"index","follow":"follow","max-snippet":"max-snippet:-1","max-image-preview":"max-image-preview:large","max-video-preview":"max-video-preview:-1"},"canonical":"https:\/\/mentoriumpartners.com\/en\/notre-identite\/","og_locale":"en_US","og_type":"article","og_title":"Notre identit\u00e9 | Mentorium Partners","og_description":"Notre identit\u00e9 Maison de conseil ind\u00e9pendante&amp; Gestion des affaires Chez Mentorium Partners, nous nous tenons aux cot\u00e9s de celles et ceux\u00a0 qui portent beaucoup, souvent seuls. Notre vocation : \u00e9clairer, structurer et s\u00e9curiser les trajectoires de d\u00e9cideurs qui dirigent, engagent, assument, dans des moments d\u00e9cisifs. Nous sommes une maison de conseil ind\u00e9pendante, \u00e0 taille humaine, [&hellip;]","og_url":"https:\/\/mentoriumpartners.com\/en\/notre-identite\/","og_site_name":"Mentorium Partners","article_modified_time":"2025-05-22T15:15:22+00:00","og_image":[{"width":1024,"height":576,"url":"https:\/\/mentoriumpartners.com\/wp-content\/uploads\/2025\/04\/Notre-identite-new_1-1024x576.png","type":"image\/png"}],"twitter_card":"summary_large_image","twitter_misc":{"Est. reading time":"3 minutes"},"schema":{"@context":"https:\/\/schema.org","@graph":[{"@type":"WebPage","@id":"https:\/\/mentoriumpartners.com\/notre-identite\/","url":"https:\/\/mentoriumpartners.com\/notre-identite\/","name":"Notre identit\u00e9 | Mentorium Partners","isPartOf":{"@id":"https:\/\/mentoriumpartners.com\/#website"},"primaryImageOfPage":{"@id":"https:\/\/mentoriumpartners.com\/notre-identite\/#primaryimage"},"image":{"@id":"https:\/\/mentoriumpartners.com\/notre-identite\/#primaryimage"},"thumbnailUrl":"https:\/\/mentoriumpartners.com\/wp-content\/uploads\/2025\/04\/Notre-identite-new_1-1024x576.png","datePublished":"2025-04-05T12:01:24+00:00","dateModified":"2025-05-22T15:15:22+00:00","breadcrumb":{"@id":"https:\/\/mentoriumpartners.com\/notre-identite\/#breadcrumb"},"inLanguage":"en-US","potentialAction":[{"@type":"ReadAction","target":["https:\/\/mentoriumpartners.com\/notre-identite\/"]}]},{"@type":"ImageObject","inLanguage":"en-US","@id":"https:\/\/mentoriumpartners.com\/notre-identite\/#primaryimage","url":"https:\/\/mentoriumpartners.com\/wp-content\/uploads\/2025\/04\/Notre-identite-new_1-1024x576.png","contentUrl":"https:\/\/mentoriumpartners.com\/wp-content\/uploads\/2025\/04\/Notre-identite-new_1-1024x576.png"},{"@type":"BreadcrumbList","@id":"https:\/\/mentoriumpartners.com\/notre-identite\/#breadcrumb","itemListElement":[{"@type":"ListItem","position":1,"name":"Accueil","item":"https:\/\/mentoriumpartners.com\/"},{"@type":"ListItem","position":2,"name":"Notre identit\u00e9"}]},{"@type":"WebSite","@id":"https:\/\/mentoriumpartners.com\/#website","url":"https:\/\/mentoriumpartners.com\/","name":"Mentorium Partners","description":"Mentorium Partners, Maison de conseil ind\u00e9pendante","publisher":{"@id":"https:\/\/mentoriumpartners.com\/#organization"},"potentialAction":[{"@type":"SearchAction","target":{"@type":"EntryPoint","urlTemplate":"https:\/\/mentoriumpartners.com\/?s={search_term_string}"},"query-input":{"@type":"PropertyValueSpecification","valueRequired":true,"valueName":"search_term_string"}}],"inLanguage":"en-US"},{"@type":"Organization","@id":"https:\/\/mentoriumpartners.com\/#organization","name":"Mentorium Partners","url":"https:\/\/mentoriumpartners.com\/","logo":{"@type":"ImageObject","inLanguage":"en-US","@id":"https:\/\/mentoriumpartners.com\/#\/schema\/logo\/image\/","url":"https:\/\/mentoriumpartners.com\/wp-content\/uploads\/2025\/05\/Logo_bleu-scaled.png","contentUrl":"https:\/\/mentoriumpartners.com\/wp-content\/uploads\/2025\/05\/Logo_bleu-scaled.png","width":2560,"height":233,"caption":"Mentorium Partners"},"image":{"@id":"https:\/\/mentoriumpartners.com\/#\/schema\/logo\/image\/"}}]}},"_links":{"self":[{"href":"https:\/\/mentoriumpartners.com\/en\/wp-json\/wp\/v2\/pages\/400","targetHints":{"allow":["GET"]}}],"collection":[{"href":"https:\/\/mentoriumpartners.com\/en\/wp-json\/wp\/v2\/pages"}],"about":[{"href":"https:\/\/mentoriumpartners.com\/en\/wp-json\/wp\/v2\/types\/page"}],"author":[{"embeddable":true,"href":"https:\/\/mentoriumpartners.com\/en\/wp-json\/wp\/v2\/users\/1"}],"replies":[{"embeddable":true,"href":"https:\/\/mentoriumpartners.com\/en\/wp-json\/wp\/v2\/comments?post=400"}],"version-history":[{"count":0,"href":"https:\/\/mentoriumpartners.com\/en\/wp-json\/wp\/v2\/pages\/400\/revisions"}],"wp:attachment":[{"href":"https:\/\/mentoriumpartners.com\/en\/wp-json\/wp\/v2\/media?parent=400"}],"curies":[{"name":"wp","href":"https:\/\/api.w.org\/{rel}","templated":true}]}}